{"id":3911,"date":"2024-04-13T20:44:22","date_gmt":"2024-04-13T20:44:22","guid":{"rendered":"https:\/\/nordnest.se\/contact\/david-uddare\/"},"modified":"2025-06-09T11:19:23","modified_gmt":"2025-06-09T11:19:23","slug":"david-uddare","status":"publish","type":"page","link":"https:\/\/nordnest.se\/en\/contact\/david-uddare\/","title":{"rendered":"David Uddare"},"content":{"rendered":"<div \n    class=\"align wp-block-person-listing fontSizeFixer py-24 sm:py-32\">\n    <div class=\"mx-auto max-w-(--breakpoint-2xl) px-6 text-center lg:px-8\"\n         x-data=\"{ shown: false }\" x-intersect=\"shown = true\" >\n                    <div class=\"mx-auto max-w-2xl\">\n                <h2 class=\"text-blue\">\n                    Contact Info\n                    <\/h2>\n            <\/div>\n                            <div\n                class=\" flex flex-col gap-8 justify-center items-center max-w-lg  relative mx-auto mt-20\">\n                                    <div x-show=\"shown\" x-transition:enter=\"transition ease-in delay-300 duration-700\"\n        x-transition:enter-start=\"opacity-0 translate-y-6\" x-transition:enter-end=\"opacity-100 translate-x-0\"\n        x-transition:leave=\"transition ease-in duration-700\" x-transition:leave-start=\"opacity-100 translate-x-0\"\n        x-transition:leave-end=\"opacity-0 translate-y-6\"\n        class=\"group relative mx-auto inline-block rounded-lg bg-blue px-8 py-8 w-full\">\n                    <p\n                class=\"absolute inset-x-0 top-0 z-20 hidden p-8 text-left leading-normal text-gold opacity-0 group-hover:opacity-100 lg:block\">\n                Ansvarar att leda f\u00f6retagets finansiella och operativa verksamhet. Ansvaret str\u00e4cker sig \u00e4ven \u00f6ver investeringsstrategier f\u00f6r att de ska ligga i linje med de h\u00f6gt st\u00e4llda bolagsm\u00e5l som Nordnest har. Som CIO driver David teknikstrategin och leder v\u00e5ra digitala transformationer f\u00f6r att f\u00f6rb\u00e4ttra v\u00e5ra processer och system.\n            <\/p>\n        \n                    <div class=\"inline-block opacity-100 lg:group-hover:opacity-10\">\n                <img decoding=\"async\" class=\"container aspect-4\/5 rounded-lg object-cover\" src=\"https:\/\/nordnest.se\/app\/uploads\/2023\/09\/nordnest-5.jpg\"\n                    srcset=\"https:\/\/nordnest.se\/app\/uploads\/2023\/09\/nordnest-5-225x300.jpg 225w, https:\/\/nordnest.se\/app\/uploads\/2023\/09\/nordnest-5-768x1024.jpg 768w, https:\/\/nordnest.se\/app\/uploads\/2023\/09\/nordnest-5-1152x1536.jpg 1152w, https:\/\/nordnest.se\/app\/uploads\/2023\/09\/nordnest-5-169x225.jpg 169w, https:\/\/nordnest.se\/app\/uploads\/2023\/09\/nordnest-5-338x450.jpg 338w, https:\/\/nordnest.se\/app\/uploads\/2023\/09\/nordnest-5-675x900.jpg 675w, https:\/\/nordnest.se\/app\/uploads\/2023\/09\/nordnest-5-450x600.jpg 450w, https:\/\/nordnest.se\/app\/uploads\/2023\/09\/nordnest-5-900x1200.jpg 900w, https:\/\/nordnest.se\/app\/uploads\/2023\/09\/nordnest-5.jpg 1500w\" alt=\"\">\n            <\/div>\n                <div class=\"mt-2 md:flex md:items-center md:justify-between\">\n            <div class=\"text-md text-left leading-6\">\n                <h4 class=\"font-heading text-white\">David Uddare<\/h4>\n                <p class=\"font-sans text-gold\">CFO | CIO och medgrundare<\/p>\n                <div class=\"mt-1 flex flex-col gap-3 md:gap-2 font-sans text-white\">\n                                            <a href=\"mailto:david@nordnest.se\" class=\"hover:text-gold md:no-underline underline hover:underline\">\n                            <span>\n                                david@nordnest.se\n                            <\/span>\n                        <\/a>\n                                                                                                        <a href=\"https:\/\/www.linkedin.com\/in\/david-uddare-sevelin-b7370a4b\/\" target=\"_blank\"\n                            class=\"flex flex-wrap items-center gap-1 hover:text-gold md:no-underline underline hover:underline\">\n                            <svg class=\"h-4 w-4\" xmlns=\"http:\/\/www.w3.org\/2000\/svg\" width=\"16\" height=\"16\" fill=\"currentColor\" class=\"bi bi-linkedin\" viewBox=\"0 0 16 16\">\n  <path d=\"M0 1.146C0 .513.526 0 1.175 0h13.65C15.474 0 16 .513 16 1.146v13.708c0 .633-.526 1.146-1.175 1.146H1.175C.526 16 0 15.487 0 14.854zm4.943 12.248V6.169H2.542v7.225zm-1.2-8.212c.837 0 1.358-.554 1.358-1.248-.015-.709-.52-1.248-1.342-1.248S2.4 3.226 2.4 3.934c0 .694.521 1.248 1.327 1.248zm4.908 8.212V9.359c0-.216.016-.432.08-.586.173-.431.568-.878 1.232-.878.869 0 1.216.662 1.216 1.634v3.865h2.401V9.25c0-2.22-1.184-3.252-2.764-3.252-1.274 0-1.845.7-2.165 1.193v.025h-.016l.016-.025V6.169h-2.4c.03.678 0 7.225 0 7.225z\"\/>\n<\/svg>                            <span>\n                                LinkedIn\n                            <\/span>\n                        <\/a>\n                                        <p class=\"block pt-3 text-gold-200 lg:hidden\">\n                        Ansvarar att leda f\u00f6retagets finansiella och operativa verksamhet. Ansvaret str\u00e4cker sig \u00e4ven \u00f6ver investeringsstrategier f\u00f6r att de ska ligga i linje med de h\u00f6gt st\u00e4llda bolagsm\u00e5l som Nordnest har. Som CIO driver David teknikstrategin och leder v\u00e5ra digitala transformationer f\u00f6r att f\u00f6rb\u00e4ttra v\u00e5ra processer och system.\n                    <\/p>\n                <\/div>\n            <\/div>\n        <\/div>\n    <\/div>\n                            <\/div>\n            <\/div>\n<\/div>\n","protected":false},"excerpt":{"rendered":"","protected":false},"author":1,"featured_media":0,"parent":3903,"menu_order":0,"comment_status":"closed","ping_status":"closed","template":"","meta":{"_acf_changed":false,"footnotes":""},"class_list":["post-3911","page","type-page","status-publish","hentry"],"acf":[],"yoast_head":"<!-- This site is optimized with the Yoast SEO plugin v26.0 - https:\/\/yoast.com\/wordpress\/plugins\/seo\/ -->\n<title>David Uddare - Nordnest.se<\/title>\n<meta name=\"robots\" content=\"index, follow, max-snippet:-1, max-image-preview:large, max-video-preview:-1\" \/>\n<link rel=\"canonical\" href=\"https:\/\/nordnest.se\/en\/contact\/david-uddare\/\" \/>\n<meta property=\"og:locale\" content=\"en_US\" \/>\n<meta property=\"og:type\" content=\"article\" \/>\n<meta property=\"og:title\" content=\"David Uddare - Nordnest.se\" \/>\n<meta property=\"og:url\" content=\"https:\/\/nordnest.se\/en\/contact\/david-uddare\/\" \/>\n<meta property=\"og:site_name\" content=\"Nordnest.se\" \/>\n<meta property=\"article:modified_time\" content=\"2025-06-09T11:19:23+00:00\" \/>\n<meta name=\"twitter:card\" content=\"summary_large_image\" \/>\n<script type=\"application\/ld+json\" class=\"yoast-schema-graph\">{\"@context\":\"https:\/\/schema.org\",\"@graph\":[{\"@type\":\"WebPage\",\"@id\":\"https:\/\/nordnest.se\/en\/contact\/david-uddare\/\",\"url\":\"https:\/\/nordnest.se\/en\/contact\/david-uddare\/\",\"name\":\"David Uddare - Nordnest.se\",\"isPartOf\":{\"@id\":\"https:\/\/nordnest.se\/en\/#website\"},\"datePublished\":\"2024-04-13T20:44:22+00:00\",\"dateModified\":\"2025-06-09T11:19:23+00:00\",\"breadcrumb\":{\"@id\":\"https:\/\/nordnest.se\/en\/contact\/david-uddare\/#breadcrumb\"},\"inLanguage\":\"en-US\",\"potentialAction\":[{\"@type\":\"ReadAction\",\"target\":[\"https:\/\/nordnest.se\/en\/contact\/david-uddare\/\"]}]},{\"@type\":\"BreadcrumbList\",\"@id\":\"https:\/\/nordnest.se\/en\/contact\/david-uddare\/#breadcrumb\",\"itemListElement\":[{\"@type\":\"ListItem\",\"position\":1,\"name\":\"Home\",\"item\":\"https:\/\/nordnest.se\/en\/\"},{\"@type\":\"ListItem\",\"position\":2,\"name\":\"Contact\",\"item\":\"https:\/\/nordnest.se\/en\/contact\/\"},{\"@type\":\"ListItem\",\"position\":3,\"name\":\"David Uddare\"}]},{\"@type\":\"WebSite\",\"@id\":\"https:\/\/nordnest.se\/en\/#website\",\"url\":\"https:\/\/nordnest.se\/en\/\",\"name\":\"Nordnest.se\",\"description\":\"Nyttja h\u00e5llbarhetens fulla aff\u00e4rspotential\",\"potentialAction\":[{\"@type\":\"SearchAction\",\"target\":{\"@type\":\"EntryPoint\",\"urlTemplate\":\"https:\/\/nordnest.se\/en\/?s={search_term_string}\"},\"query-input\":{\"@type\":\"PropertyValueSpecification\",\"valueRequired\":true,\"valueName\":\"search_term_string\"}}],\"inLanguage\":\"en-US\"}]}<\/script>\n<!-- \/ Yoast SEO plugin. -->","yoast_head_json":{"title":"David Uddare - Nordnest.se","robots":{"index":"index","follow":"follow","max-snippet":"max-snippet:-1","max-image-preview":"max-image-preview:large","max-video-preview":"max-video-preview:-1"},"canonical":"https:\/\/nordnest.se\/en\/contact\/david-uddare\/","og_locale":"en_US","og_type":"article","og_title":"David Uddare - Nordnest.se","og_url":"https:\/\/nordnest.se\/en\/contact\/david-uddare\/","og_site_name":"Nordnest.se","article_modified_time":"2025-06-09T11:19:23+00:00","twitter_card":"summary_large_image","schema":{"@context":"https:\/\/schema.org","@graph":[{"@type":"WebPage","@id":"https:\/\/nordnest.se\/en\/contact\/david-uddare\/","url":"https:\/\/nordnest.se\/en\/contact\/david-uddare\/","name":"David Uddare - Nordnest.se","isPartOf":{"@id":"https:\/\/nordnest.se\/en\/#website"},"datePublished":"2024-04-13T20:44:22+00:00","dateModified":"2025-06-09T11:19:23+00:00","breadcrumb":{"@id":"https:\/\/nordnest.se\/en\/contact\/david-uddare\/#breadcrumb"},"inLanguage":"en-US","potentialAction":[{"@type":"ReadAction","target":["https:\/\/nordnest.se\/en\/contact\/david-uddare\/"]}]},{"@type":"BreadcrumbList","@id":"https:\/\/nordnest.se\/en\/contact\/david-uddare\/#breadcrumb","itemListElement":[{"@type":"ListItem","position":1,"name":"Home","item":"https:\/\/nordnest.se\/en\/"},{"@type":"ListItem","position":2,"name":"Contact","item":"https:\/\/nordnest.se\/en\/contact\/"},{"@type":"ListItem","position":3,"name":"David Uddare"}]},{"@type":"WebSite","@id":"https:\/\/nordnest.se\/en\/#website","url":"https:\/\/nordnest.se\/en\/","name":"Nordnest.se","description":"Nyttja h\u00e5llbarhetens fulla aff\u00e4rspotential","potentialAction":[{"@type":"SearchAction","target":{"@type":"EntryPoint","urlTemplate":"https:\/\/nordnest.se\/en\/?s={search_term_string}"},"query-input":{"@type":"PropertyValueSpecification","valueRequired":true,"valueName":"search_term_string"}}],"inLanguage":"en-US"}]}},"_links":{"self":[{"href":"https:\/\/nordnest.se\/en\/wp-json\/wp\/v2\/pages\/3911","targetHints":{"allow":["GET"]}}],"collection":[{"href":"https:\/\/nordnest.se\/en\/wp-json\/wp\/v2\/pages"}],"about":[{"href":"https:\/\/nordnest.se\/en\/wp-json\/wp\/v2\/types\/page"}],"author":[{"embeddable":true,"href":"https:\/\/nordnest.se\/en\/wp-json\/wp\/v2\/users\/1"}],"replies":[{"embeddable":true,"href":"https:\/\/nordnest.se\/en\/wp-json\/wp\/v2\/comments?post=3911"}],"version-history":[{"count":1,"href":"https:\/\/nordnest.se\/en\/wp-json\/wp\/v2\/pages\/3911\/revisions"}],"predecessor-version":[{"id":3912,"href":"https:\/\/nordnest.se\/en\/wp-json\/wp\/v2\/pages\/3911\/revisions\/3912"}],"up":[{"embeddable":true,"href":"https:\/\/nordnest.se\/en\/wp-json\/wp\/v2\/pages\/3903"}],"wp:attachment":[{"href":"https:\/\/nordnest.se\/en\/wp-json\/wp\/v2\/media?parent=3911"}],"curies":[{"name":"wp","href":"https:\/\/api.w.org\/{rel}","templated":true}]}}